{"id":625,"date":"2019-06-14T13:50:39","date_gmt":"2019-06-14T12:50:39","guid":{"rendered":"http:\/\/www.jhsn.de\/?page_id=625"},"modified":"2025-03-15T10:24:45","modified_gmt":"2025-03-15T09:24:45","slug":"datenschutz","status":"publish","type":"page","link":"https:\/\/www.jhsn.de\/index.php\/datenschutz\/","title":{"rendered":"Datenschutz"},"content":{"rendered":"<p><strong>Datenschutzerkl\u00e4rung<\/strong><\/p>\n<div><\/div>\n<div>Die nachfolgende Datenschutzerkl\u00e4rung gilt f\u00fcr die Nutzung unseres Online-Angebots www.jhsn.de. Wir messen dem Datenschutz gro\u00dfe Bedeutung bei. Die Erhebung und Verarbeitung Ihrer personenbezogenen Daten geschieht unter Beachtung der geltenden datenschutzrechtlichen Vor-schriften, insbesondere der Datenschutzgrundverordnung (DSGVO).<\/div>\n<div><\/div>\n<div><strong>1. Name und Kontaktdaten des f\u00fcr die Datenverarbeitung auf dieser Webseite Verantwortlichen sowie des betrieblichen Datenschutzbeauftragten<\/strong><\/div>\n<div><\/div>\n<div><em>Verantwortlicher:<\/em><br \/>\nJan Holzhausen, Dr.-Ing. Architekt<br \/>\nIm Haspelfelde 4, 30173 Hannover<br \/>\nEmail: jh@jhsn.de<br \/>\nTelefon: 0511 \/ 260 62 47<br \/>\nWebseite: www.jhsn.de<\/div>\n<div><\/div>\n<div><\/div>\n<div><strong>2. Internetangebot: Verarbeitung personenbezogener Daten<\/strong><\/div>\n<div><\/div>\n<div>Wir verarbeiten personenbezogene Daten unserer Nutzer grunds\u00e4tzlich nur, soweit dies zur Bereitstellung einer funktionsf\u00e4higen Website sowie unserer Inhalte und Leistungen erforderlich ist.<\/div>\n<div><\/div>\n<div><strong>a) Besuch der Webseite<\/strong><\/div>\n<div><\/div>\n<div>F\u00fcr die Nutzung unseres Internetauftritts ist es nicht erforderlich, dass Sie personenbezogene Daten ange-ben. Beim Aufrufen unserer Website www.abc-architekturb\u00fcro.de werden allerdings durch den auf Ihrem Endger\u00e4t zum Einsatz kommenden Browser automatisch Informationen an den Server unserer Website gesendet. Dies ist notwendig, um Kommunikation im Internet zu erm\u00f6glichen. Diese Informationen werden tempor\u00e4r in einem sog. Logfile gespeichert. Folgende Informationen werden dabei erfasst und bis zur au-tomatisierten L\u00f6schung gespeichert:<\/div>\n<div>\u2022 IP-Adresse des anfragenden Rechners,<br \/>\n\u2022 Datum und Uhrzeit des Abrufs,<br \/>\n\u2022 Browsertyp,<br \/>\n\u2022 Sprache und Browser-Version,<br \/>\n\u2022 Inhalt des Abrufs,<br \/>\n\u2022 Zeitzone,<br \/>\n\u2022 Zugriffsstatus\/http-Statuscode,<br \/>\n\u2022 Datenmenge,<br \/>\n\u2022 Webseite, von der aus der Zugriff erfolgt (Referrer-URL),<br \/>\n\u2022 Betriebssystem Ihres Rechners.<\/div>\n<div><\/div>\n<div>Die genannten Daten werden durch uns zu folgenden Zwecken verarbeitet:<\/div>\n<div><\/div>\n<div>\u2022 Gew\u00e4hrleistung einer st\u00f6rungsfreien Auslieferung unserer Webseite,<br \/>\n\u2022 Gew\u00e4hrleistung einer komfortablen Nutzung unserer Webseite,<br \/>\n\u2022 Gew\u00e4hrleistung der Systemsicherheit und Systemstabilit\u00e4t,<br \/>\n\u2022 Missbrauchsbek\u00e4mpfung,<br \/>\n\u2022 zu weiteren administrativen Zwecken, wie z.B. Aufstellen von Statistiken.<\/div>\n<div><\/div>\n<div>Die Rechtsgrundlage f\u00fcr die Datenverarbeitung ist Art. 6 Abs. 1 S. 1 lit. f DSGVO (berechtigtes Interesse). Unser berechtigtes Interesse folgt aus den oben aufgelisteten Zwecken zur Datenverarbeitung. Eine Zu-sammenf\u00fchrung der o.g. Daten mit anderen Datenquellen wird nicht vorgenommen. Eine Identifizierung einzelner Webseitenbesucher findet nicht statt.<\/div>\n<div><\/div>\n<div><strong>b) Nutzung des Kontaktformulars<\/strong><\/div>\n<div><\/div>\n<div>Wir bieten Ihnen die M\u00f6glichkeit, mit uns \u00fcber ein auf der Website bereitgestelltes Formular Kontakt auf-zunehmen. Dabei ist die Angabe wenigstens Ihres Vor- und Zunamens sowie einer g\u00fcltigen E-Mail-Adresse erforderlich, damit wir wissen, von wem die Anfrage stammt und um die Anfrage beantworten zu k\u00f6nnen. Weitere Angaben k\u00f6nnen freiwillig get\u00e4tigt werden.<\/div>\n<div>Rechtsgrundlage f\u00fcr die Datenverarbeitung zum Zwecke der Kontaktaufnahme mit uns ist Art. 6 Abs. 1 S. 1 lit. a DSGVO. Mit Angabe Ihrer Kontaktdaten erteilen Sie uns freiwillig Ihre Einwilligung, Ihre Daten zum Zwecke der Kontaktaufnahme zu verarbeiten.<\/div>\n<div>Zielt der Kontakt auf eine Beauftragung unseres B\u00fcros ab, so erfolgt die Verarbeitung Ihrer im Kontaktformular bereitgestellten pers\u00f6nlichen Daten zum Zwecke der Erf\u00fcllung eines Vertrages bzw. zur Durchf\u00fchrung vorvertraglicher Ma\u00dfnahmen nach Art. 6 Abs. 1 S. 1 lit. b DSGVO.<\/div>\n<div>Die bei der Benutzung des Kontaktformulars von uns erhobenen personenbezogenen Daten werden nach Erledigung der von Ihnen gestellten Anfrage gel\u00f6scht. Im Falle einer Beauftragung unseres B\u00fcros speichern wir Ihre Daten bis zum Ablauf der gesetzlichen Gew\u00e4hrleistungs- und Aufbewahrungsfristen.<\/div>\n<div><\/div>\n<div><strong>3. Weitergabe von Daten<\/strong><\/div>\n<div><\/div>\n<div>Ihre Daten werden zu vorgenannten Zwecken ggf. an uns unterst\u00fctzende Dienstleister weitergegeben, die wir sorgf\u00e4ltig ausgew\u00e4hlt und zur Einhaltung des Datenschutzrechts verpflichtet haben. Dabei kann es sich insbesondere um technische Dienstleister oder Versanddienstleister handeln.<\/div>\n<div><\/div>\n<p>Die Weitergabe Ihrer Daten an andere Dritte erfolgt ansonsten nur, wenn<\/p>\n<p>\u2022 wir Ihre ausdr\u00fcckliche Einwilligung nach Art. 6 Abs. 1 S. 1 lit. a DSGVO daf\u00fcr erhalten haben,<br \/>\n\u2022 die Weitergabe nach Art. 6 Abs. 1 S. 1 lit. f DSGVO zur Geltendmachung, Aus\u00fcbung oder Verteidigung von Rechtsanspr\u00fcchen erforderlich ist und kein Grund zur Annahme besteht, dass Sie ein \u00fcberwiegendes schutzw\u00fcrdiges Interesse an der Nichtweitergabe Ihrer Daten haben,<br \/>\n\u2022 f\u00fcr die Weitergabe nach Art. 6 Abs. 1 S. 1 lit. c DSGVO eine gesetzliche Verpflichtung besteht,<br \/>\n\u2022 dies gesetzlich zul\u00e4ssig und nach Art. 6 Abs. 1 S. 1 lit. b DSGVO f\u00fcr die Abwicklung von Vertragsverh\u00e4ltnissen mit Ihnen erforderlich ist.<\/p>\n<div><\/div>\n<div><strong>4. Dauer der Datenspeicherung<\/strong><\/div>\n<div><\/div>\n<div>Ihre personenbezogenen Daten werden gel\u00f6scht oder gesperrt, sobald der Zweck f\u00fcr die Speicherung entf\u00e4llt, es sei denn, deren weitere Aufbewahrung ist zu Beweiszwecken, z.B. bei Angriffen auf die Serverinfrastruktur oder anderen Rechtsverletzungen, erforderlich oder dem stehen gesetzliche Aufbewahrungspflichten entgegen. Im Falle der Erfassung der Daten zur Bereitstellung der Website entf\u00e4llt der Zweck, wenn die jeweilige Sitzung beendet ist. Im Falle der Speicherung der Daten in Logfiles ist dies nach sp\u00e4testens 7 Tagen der Fall.<\/div>\n<div><\/div>\n<div><strong>5. Cookies<\/strong><\/div>\n<div><\/div>\n<div>Wir setzen auf unserer Seite Cookies ein. Cookies sind kleine Textdateien, die im Rahmen Ihres Besuchs unserer Internetseiten von unserem Webserver an Ihren Browser gesandt und von diesem auf Ihrem Endger\u00e4t (Laptop, Tablet, Smartphone o.\u00e4.) gespeichert und f\u00fcr einen sp\u00e4teren Abruf vorgehalten werden. Daher haben Sie als Nutzer auch die volle Kontrolle \u00fcber die Verwendung von Cookies. Cookies richten auf Ihrem Endger\u00e4t keinen Schaden an und enthalten keine Viren. In dem Cookie werden Informationen abgelegt, die sich jeweils im Zusammenhang mit dem spezifisch eingesetzten Endger\u00e4t ergeben. Dies bedeutet jedoch nicht, dass wir dadurch unmittelbar Kenntnis von Ihrer Identit\u00e4t erhalten.<\/div>\n<div>Der Einsatz von Cookies dient dazu, die Nutzung unseres Angebots f\u00fcr Sie nutzerfreundlicher, effektiver und sicherer zu gestalten. So setzen wir sogenannte Session-Cookies ein, um zu erkennen, dass Sie einzelne Seiten unserer Website bereits besucht haben. Session-Cookies werden nach Verlassen unserer Seite automatisch gel\u00f6scht.<\/div>\n<div><\/div>\n<div>Dar\u00fcber hinaus setzen wir ebenfalls zur Optimierung der Benutzerfreundlichkeit tempor\u00e4re Cookies ein, die f\u00fcr einen bestimmten festgelegten Zeitraum auf Ihrem Endger\u00e4t gespeichert werden. Besuchen Sie unsere Seite erneut, um unsere Dienste in Anspruch zu nehmen, wird auf diese Weise automatisch erkannt, dass Sie bereits bei uns waren und welche Eingaben und Einstellungen sie get\u00e4tigt haben, um diese nicht noch einmal eingeben zu m\u00fcssen.<\/div>\n<div><\/div>\n<div>Das Setzen von Cookies erfolgt auf der Grundlage von Art. 6 Abs. 1 S. 1 lit. f DSGVO (berechtigtes Interes-se). Als Betreiber dieser Webseite haben wir ein berechtigtes Interesse an der effektiven, st\u00f6rungsfreien und sicheren Funktionalit\u00e4t unserer Dienste.<\/div>\n<div><\/div>\n<div>Die meisten Browser akzeptieren Cookies automatisch. Sie k\u00f6nnen Ihren Browser jedoch so konfigurieren, dass keine Cookies auf Ihrem Computer gespeichert werden und damit der Setzung von Cookies dauerhaft widersprechen. Durch Browsereinstellungen ist es ebenfalls m\u00f6glich, dass Sie stets einen Hinweis erhal-ten, bevor ein neuer Cookie angelegt wird und damit im Einzelfall \u00fcber die Annahme entscheiden k\u00f6nnen. Die vollst\u00e4ndige Deaktivierung von Cookies kann dazu f\u00fchren, dass Sie nicht alle Funktionen unserer Website nutzen k\u00f6nnen.<\/div>\n<div><\/div>\n<div><strong>6. Betroffenenrechte<\/strong><\/div>\n<div><\/div>\n<div>Nach gelten Datenschutzgesetzen haben Sie verschiedene Rechte bzgl. Ihrer personenbezogenen Daten. M\u00f6chten Sie Ihre Rechte geltend machen, richten Sie bitte eine Anfrage per Mail oder Post unter eindeuti-ger Identifizierung Ihrer Person an die o.g. Adresse des Verantwortlichen. Sie haben folgende Rechte:<\/div>\n<div><\/div>\n<div>\u2022 gem\u00e4\u00df Art. 15 DSGVO ein Recht auf Auskunft \u00fcber Ihre bei uns gespeicherten Daten. Dies umfasst insbesondere die Auskunft \u00fcber die Verarbeitungszwecke, die Kategorien der personenbezogenen Daten, die Kategorien von Empf\u00e4ngern gegen\u00fcber denen Ihre Daten offengelegt wurden oder wer-den, die geplante Speicherdauer, die Herkunft Ihrer Daten, sofern diese nicht direkt bei Ihnen er-hoben wurden,<br \/>\n\u2022 gem\u00e4\u00df Art. 16 DSGVO ein Recht auf unverz\u00fcgliche Berichtigung unrichtiger oder Vervollst\u00e4ndi-gung Ihrer bei uns gespeicherten personenbezogenen Daten,<br \/>\n\u2022 gem\u00e4\u00df Art. 17 DSGVO ein Recht auf L\u00f6schung Ihrer bei uns gespeicherten personenbezogenen Daten, soweit nicht die Verarbeitung zur Aus\u00fcbung des Rechts auf freie Meinungs\u00e4u\u00dferung und In-formation, zur Erf\u00fcllung einer rechtlichen Verpflichtung, aus Gr\u00fcnden des \u00f6ffentlichen Interesses oder zur Geltendmachung, Aus\u00fcbung oder Verteidigung von Rechtsanspr\u00fcchen erforderlich ist,<br \/>\n\u2022 gem\u00e4\u00df Art. 18 DSGVO Recht auf Einschr\u00e4nkung der Verarbeitung Ihrer personenbezogenen Daten, soweit die Richtigkeit der Daten von Ihnen bestritten wird, die Verarbeitung unrechtm\u00e4\u00dfig ist, Sie aber deren L\u00f6schung ablehnen und wir die Daten nicht mehr ben\u00f6tigen, Sie jedoch diese zur Gel-tendmachung, Aus\u00fcbung oder Verteidigung von Rechtsanspr\u00fcchen ben\u00f6tigen oder Sie gem\u00e4\u00df Art. 21 DSGVO Widerspruch gegen die Verarbeitung eingelegt haben,<br \/>\n\u2022 gem\u00e4\u00df Art. 20 DSGVO Recht auf Daten\u00fcbertragbarkeit, d.h. Sie k\u00f6nnen Ihre personenbezogenen Daten, die bei uns gespeichert sind, in einem strukturierten, g\u00e4ngigen und maschinenlesebaren Format erhalten oder die \u00dcbermittlung an einen anderen Verantwortlichen verlangen,<br \/>\n\u2022 gem\u00e4\u00df Art. 7 Abs. 3 DSGVO Recht auf jederzeitigen Widerruf Ihrer einmal erteilten Einwilligung. Dies hat zur Folge, dass wir die Datenverarbeitung, die auf dieser Einwilligung gem\u00e4\u00df Art. 6 Abs. 1 S. 1 lit. a DSGVO beruhte, f\u00fcr die Zukunft nicht mehr fortf\u00fchren d\u00fcrfen. Die Rechtm\u00e4\u00dfigkeit der aufgrund der Einwilligung bis zum Widerruf erfolgten Verarbeitung wird dadurch nicht ber\u00fchrt,<br \/>\n\u2022 gem\u00e4\u00df Art. 21 DSGVO Recht auf Widerspruch gegen die Verarbeitung Ihrer personenbezogenen Daten, welche wir auf der Grundlage eines berechtigten Interesses nach Art. 6 Abs. 1 S. 1 lit. f DSGVO verarbeiten,<br \/>\n\u2022 gem\u00e4\u00df Art. 77 DSGVO Recht auf Beschwerde bei der zust\u00e4ndigen Aufsichtsbeh\u00f6rde. Zust\u00e4ndige Aufsichtsbeh\u00f6rde ist die Landesdatenschutzbeauftragte Niedersachsen, Prinzenstra\u00dfe 5, 30159, E-Mail: poststelle@lfd.niedersachsen.de.<\/div>\n<div><\/div>\n<div><strong>7. Datensicherheit<\/strong><\/div>\n<div><\/div>\n<div>Wir setzen technische und organisatorische Sicherheitsma\u00dfnahmen ein, um personenbezogene Daten zu sch\u00fctzen, insbesondere gegen zuf\u00e4llige oder vors\u00e4tzliche Manipulation, Verlust, Zerst\u00f6rung oder gegen den Angriff unberechtigter Personen. Da eine Daten\u00fcbertragung im Internet jederzeit Sicherheitsl\u00fccken aufweisen kann, ist ein absoluter Schutz der personenbezogenen Daten vor dem Zugriff Dritter technisch nicht m\u00f6glich. Unsere Webseite nutzt zum Schutz der \u00dcbertragung vertraulicher Inhalte (wie z.B. Daten \u00fcber das Kontaktformular) das verbreitete SSL-Verfahren (Secure Socket Layer) in Verbindung mit der je-weils h\u00f6chsten Verschl\u00fcsselungsstufe, die von Ihrem Browser unterst\u00fctzt wird. Ob eine Seite unseres In-ternetauftrittes verschl\u00fcsselt \u00fcbertragen wird, erkennen Sie an der \u201ehttps:\/\/\u201c-Adresszeile Ihres Browsers und am geschlossenen Schloss-Symbol in der Browserzeile. Wenn eine SSL-Verschl\u00fcsselung besteht, k\u00f6n-nen Daten, die Sie an uns \u00fcbermitteln, bei der \u00dcbertragung nicht von Dritten mitgelesen oder ge\u00e4ndert werden.<\/div>\n<div><\/div>\n<div><strong>8. Aktualit\u00e4t und \u00c4nderung dieser Datenschutzerkl\u00e4rung<\/strong><\/div>\n<div><\/div>\n<div>Diese Datenschutzerkl\u00e4rung ist aktuell g\u00fcltig und hat den Stand Juli 2018. Durch die Weiterentwicklung unserer Webseite oder aufgrund ge\u00e4nderter gesetzlicher beziehungsweise beh\u00f6rdlicher Vorgaben kann es notwendig werden, diese Datenschutzerkl\u00e4rung zu \u00e4ndern. Die jeweils aktuelle Datenschutzerkl\u00e4rung kann jederzeit auf der Website unter www.jhsn.de\/index.php\/datenschutz von Ihnen abgerufen und ausgedruckt werden.<\/div>\n","protected":false},"excerpt":{"rendered":"<p>Datenschutzerkl\u00e4rung Die nachfolgende Datenschutzerkl\u00e4rung gilt f\u00fcr die Nutzung unseres Online-Angebots www.jhsn.de. Wir messen dem Datenschutz gro\u00dfe Bedeutung bei. Die Erhebung und Verarbeitung [&hellip;]<\/p>\n","protected":false},"author":1,"featured_media":0,"parent":0,"menu_order":0,"comment_status":"closed","ping_status":"closed","template":"","meta":[],"_links":{"self":[{"href":"https:\/\/www.jhsn.de\/index.php\/wp-json\/wp\/v2\/pages\/625"}],"collection":[{"href":"https:\/\/www.jhsn.de\/index.php\/wp-json\/wp\/v2\/pages"}],"about":[{"href":"https:\/\/www.jhsn.de\/index.php\/wp-json\/wp\/v2\/types\/page"}],"author":[{"embeddable":true,"href":"https:\/\/www.jhsn.de\/index.php\/wp-json\/wp\/v2\/users\/1"}],"replies":[{"embeddable":true,"href":"https:\/\/www.jhsn.de\/index.php\/wp-json\/wp\/v2\/comments?post=625"}],"version-history":[{"count":11,"href":"https:\/\/www.jhsn.de\/index.php\/wp-json\/wp\/v2\/pages\/625\/revisions"}],"predecessor-version":[{"id":783,"href":"https:\/\/www.jhsn.de\/index.php\/wp-json\/wp\/v2\/pages\/625\/revisions\/783"}],"wp:attachment":[{"href":"https:\/\/www.jhsn.de\/index.php\/wp-json\/wp\/v2\/media?parent=625"}],"curies":[{"name":"wp","href":"https:\/\/api.w.org\/{rel}","templated":true}]}}