{"id":597,"date":"2019-06-14T13:19:23","date_gmt":"2019-06-14T12:19:23","guid":{"rendered":"http:\/\/www.jhsn.de\/?page_id=597"},"modified":"2019-06-14T14:02:26","modified_gmt":"2019-06-14T13:02:26","slug":"wettbewerbe","status":"publish","type":"page","link":"https:\/\/www.jhsn.de\/index.php\/wettbewerbe\/","title":{"rendered":"Wettbewerbe"},"content":{"rendered":"<p>Die Teilnahme an Wettbewerben geschah entweder als angestellter Architekt, in Arbeitsgemeinschaften mit befreundeten Architekten oder in eigenverantwortlicher freiberuflicher T\u00e4tigkeit als freischaffender Architekt. Die Projekte sind entsprechend gekennzeichnet.<\/p>\n<h5>Wettbewerbsliste (Auswahl)<\/h5>\n<p><strong>F II M\u00fcnster<\/strong><br \/>\nNeubau der Feuerwache II in M\u00fcnster<br \/>\nRealisierungswettbewerb<br \/>\nVisualisierungen f\u00fcr Kersten+Kopp Architekten, Berlin<br \/>\nJun.-Okt. 2001<br \/>\nWettbewerb 4. Preis<br \/>\n\u00dcberarbeitung 2. Platz<\/p>\n<p><strong>Schifffahrtsmuseum Akland<br \/>\n<\/strong>Erweiterung des Schifffahrtsmuseum Akland<br \/>\nRealisierungswettbewerb<br \/>\nEntwurf f\u00fcr Pysall Stahrenberg und Partner, Braunschweig<br \/>\nFeb. 2003<br \/>\nBGF: 2.384 m\u00b2<\/p>\n<div><strong>M-Campus M\u00fcnchen<\/strong><br \/>\nNeubau Technologiezentrum M\u00fcnchen<br \/>\nRealisierungswettbewerb<br \/>\nVisualisierungen f\u00fcr Kersten+Kopp Architekten, Berlin<br \/>\nMai. 2003<br \/>\nBGF: 6.279 m\u00b2<br \/>\nAnkauf<\/p>\n<div><strong>Handwerkskammer Arnsberg<br \/>\n<\/strong>Neubau eines Internatsgeb\u00e4udes der Handwerkskammer in Arnsberg<br \/>\nRealisierungswettbewerb<br \/>\nEntwurf f\u00fcr stegepartner, Dortmund<br \/>\nSept. 2003<br \/>\nBGF: 6.279 m\u00b2<br \/>\n2. Preis<\/p>\n<div><strong>FH Neu-Ulm<\/strong><br \/>\nNeubau der Fachhochschule Neu-Ulm<br \/>\nRealisierungswettbewerb<br \/>\nEntwurf f\u00fcr stegepartner, Dortmund<br \/>\nFeb. 2004<br \/>\nBGF: 11.730 m\u00b2<br \/>\n4. Preis<\/p>\n<div><strong>L-Bank Karlsruhe<\/strong><br \/>\nNeubau der Landeskreditbank Baden-W\u00fcrttemberg<br \/>\nRealisierungswettbewerb<br \/>\nEntwurf f\u00fcr stegepartner, Dortmund<br \/>\nM\u00e4rz 2004<br \/>\nBGF: 18.411 m\u00b2<br \/>\n2.Rundgang<\/p>\n<div><strong>Laborgeb\u00e4ude Geisenheim<\/strong><br \/>\nNeubau Zentrales Labor- und Institutsgeb\u00e4ude in Geisenheim<br \/>\nRealisierungswettbewerb<br \/>\nEntwurf f\u00fcr stegepartner, Dortmund<br \/>\nJuli 2004<br \/>\nBGF: 5.983 m\u00b2<\/p>\n<div><strong>FH W\u00fcrzburg<\/strong><br \/>\nNeubau f\u00fcr Gestaltung und Informatik der FH W\u00fcrzburg<br \/>\nRealisierungswettbewerb<br \/>\nEntwurf f\u00fcr stegepartner, Dortmund<br \/>\nMai 2004<br \/>\nBGF: 7.946 m\u00b2<br \/>\nEngere Wahl<\/p>\n<div><strong>IKBB<\/strong><br \/>\nInternationales Kongresszentrum Bundeshaus Bonn<\/div>\n<div>Realisierungswettbewerb<br \/>\nEntwurf f\u00fcr stegepartner, Dortmund<br \/>\nAug.-Dez. 2004<br \/>\nBGF: 68.814 m\u00b2<br \/>\n1. Phase: 3. Preis<br \/>\n2. Phase: 3. Platz<\/p>\n<div><strong>Laborgeb\u00e4ude Magdeburg<\/strong><br \/>\nNeubau Labor- und Institutsgeb\u00e4ude f\u00fcr Verfahrens- und Systemtechnik der<br \/>\nOtto-von-Guericke-Universit\u00e4t in Magdeburg<br \/>\nRealisierungswettbewerb, Entwurf f\u00fcr stegepartner<br \/>\nJuni 2005, BGF: 4.657 m\u00b2<br \/>\n1. Preis<\/p>\n<div><strong>HafenCity Universit\u00e4t Hamburg HCU<\/strong><br \/>\nUniversit\u00e4t f\u00fcr Baukunst und Raumentwicklung 2006<br \/>\nZweistufiger Realisierungswettbewerb nach GRW 1995<br \/>\nAuslober: Freie und Hansestadt Hamburg<br \/>\nEntwurfsverfasser: Jan Holzhausen<br \/>\n24.000m\u00b2 BGF<\/p>\n<div><strong>Wettbewerb Dreifeld-Sporthalle Pfungstadt<\/strong><br \/>\nRealisierungswettbewerb als begrenzt offener,<br \/>\neinstufiger Realisierungswettbewerb mit vorgeschaltetem,<br \/>\nqualifiziertem Auswahlverfahren (Ziff. 2.4.2 GRW). 2008<br \/>\nAuslober: Landkreis Darmstadt-Dieburg<\/div>\n<div>Entwurfsverfasser: Jan Holzhausen<br \/>\n2150 m\u00b2 NF<\/p>\n<div><strong>Wettbewerb Mobile Schwimmende Architektur<\/strong><br \/>\nOffener Realisierungswettbewerb 2008<br \/>\nAuslober: Internationale Bauausstellung (IBA)<br \/>\nF\u00fcrst-P\u00fcckler-Land GmbH, Gro\u00dfr\u00e4schen<br \/>\nEntwurfsverfasser: Jan Holzhausen<br \/>\nEngere Wahl<\/p>\n<div><strong>Wettbewerb B\u00fchnenturm Hamburg<\/strong><br \/>\nOffener, zweiphasiger Realisierungswettbewerb 2010<br \/>\nDeutsches Schauspielhaus in Hamburg<br \/>\nFassadengestaltung des neuen B\u00fchnenturms<br \/>\nAuslober: Neue Schauspielhaus GmbH Hamburg<br \/>\nEntwurfsverfasser: Jan Holzhausen<\/div>\n<div><\/div>\n<\/div>\n<\/div>\n<\/div>\n<\/div>\n<\/div>\n<\/div>\n<\/div>\n<\/div>\n<\/div>\n<\/div>\n<\/div>\n","protected":false},"excerpt":{"rendered":"<p>Die Teilnahme an Wettbewerben geschah entweder als angestellter Architekt, in Arbeitsgemeinschaften mit befreundeten Architekten oder in eigenverantwortlicher freiberuflicher T\u00e4tigkeit als freischaffender Architekt. [&hellip;]<\/p>\n","protected":false},"author":1,"featured_media":0,"parent":0,"menu_order":0,"comment_status":"closed","ping_status":"closed","template":"","meta":[],"_links":{"self":[{"href":"https:\/\/www.jhsn.de\/index.php\/wp-json\/wp\/v2\/pages\/597"}],"collection":[{"href":"https:\/\/www.jhsn.de\/index.php\/wp-json\/wp\/v2\/pages"}],"about":[{"href":"https:\/\/www.jhsn.de\/index.php\/wp-json\/wp\/v2\/types\/page"}],"author":[{"embeddable":true,"href":"https:\/\/www.jhsn.de\/index.php\/wp-json\/wp\/v2\/users\/1"}],"replies":[{"embeddable":true,"href":"https:\/\/www.jhsn.de\/index.php\/wp-json\/wp\/v2\/comments?post=597"}],"version-history":[{"count":28,"href":"https:\/\/www.jhsn.de\/index.php\/wp-json\/wp\/v2\/pages\/597\/revisions"}],"predecessor-version":[{"id":669,"href":"https:\/\/www.jhsn.de\/index.php\/wp-json\/wp\/v2\/pages\/597\/revisions\/669"}],"wp:attachment":[{"href":"https:\/\/www.jhsn.de\/index.php\/wp-json\/wp\/v2\/media?parent=597"}],"curies":[{"name":"wp","href":"https:\/\/api.w.org\/{rel}","templated":true}]}}