{"id":494,"date":"2018-03-13T12:41:34","date_gmt":"2018-03-13T11:41:34","guid":{"rendered":"http:\/\/www.jhsn.de\/?page_id=494"},"modified":"2023-07-15T15:40:52","modified_gmt":"2023-07-15T14:40:52","slug":"lehre","status":"publish","type":"page","link":"https:\/\/www.jhsn.de\/index.php\/lehre\/","title":{"rendered":"Lehre"},"content":{"rendered":"<p>Von Sommersemester 2006 bis Sommersemester 2023 Konzeption, Betreuung und Beurteilung von \u00fcber 40 Lehrangeboten am IIKE Institut f\u00fcr Konstruktives Entwerfen, Industrie- und Gesundheitsbau der TU Braunschweig. Diese Lehrverpflichtung beinhaltete die Betreuung von Entw\u00fcrfen und Seminararbeiten. Dabei Aufbau von Kooperationen zu unterschiedlichen Partnern der Industrie als reale Bauherren f\u00fcr die Studierendenarbeiten. Diese Kooperationen wurden zu Forschungspartnerschaften f\u00fcr drittmittelgef\u00f6rderte Projekte weiter ausgebaut. Auf diese Weise konnte der gew\u00fcnschte Austausch von Lehre und Forschung, aber auch der Austausch mit au\u00dferuniversit\u00e4ren Partnern gef\u00f6rdert werden.<\/p>\n<h5>Auswahl an Lehrveranstaltungen<\/h5>\n<p>WS 2006\/07\u00a0\u00a0\u00a0\u00a0\u00a0\u00a0\u00a0\u00a0 Diplom Matthiae Akademie f\u00fcr Kulinaristik Hamburg<\/p>\n<p>SS 2007\u00a0\u00a0\u00a0\u00a0\u00a0\u00a0\u00a0\u00a0\u00a0\u00a0\u00a0\u00a0\u00a0\u00a0\u00a0\u00a0 Konstruktiver Entwurf Flexstore Hamburg<\/p>\n<p>WS 2007\/08\u00a0\u00a0\u00a0\u00a0\u00a0\u00a0\u00a0\u00a0 Diplom Weingut Frank &amp; Frei Unterfranken<\/p>\n<p>SS 2008\u00a0\u00a0\u00a0\u00a0\u00a0\u00a0\u00a0\u00a0\u00a0\u00a0\u00a0\u00a0\u00a0\u00a0\u00a0\u00a0 Konstruktiver Entwurf sportsdome Multifunktionshalle Schleswig<\/p>\n<p>WS 2008\/09\u00a0\u00a0\u00a0\u00a0\u00a0\u00a0\u00a0\u00a0 Konstruktiver Entwurf cruise center Kreuzfahrtterminal HafenCity Hamburg<\/p>\n<p>SS 2009\u00a0\u00a0\u00a0\u00a0\u00a0\u00a0\u00a0\u00a0\u00a0\u00a0\u00a0\u00a0\u00a0\u00a0\u00a0\u00a0 Entwurf human health care Kinder- und Frauenklinik G\u00f6rlitz<\/p>\n<p>WS 2009\/10\u00a0\u00a0\u00a0\u00a0\u00a0\u00a0\u00a0\u00a0 Konstruktiver Entwurf interface Eingangsgeb\u00e4ude VW-Werk Chattanooga<\/p>\n<p>SS 2010\u00a0\u00a0\u00a0\u00a0\u00a0\u00a0\u00a0\u00a0\u00a0\u00a0\u00a0\u00a0\u00a0\u00a0\u00a0\u00a0 Konstruktiver Entwurf solar light years Forschungszentrum f\u00fcr Photovoltaik Berlin Adlershof<\/p>\n<p>WS 2010\/11\u00a0\u00a0\u00a0\u00a0\u00a0\u00a0\u00a0\u00a0 Konstruktiver Entwurf Mobilit\u00e4tszentrum VW-Werk Emden<\/p>\n<p>SS 2011\u00a0\u00a0\u00a0\u00a0\u00a0\u00a0\u00a0\u00a0\u00a0\u00a0\u00a0\u00a0\u00a0\u00a0\u00a0\u00a0 Konstruktiver Entwurf 5*clinic Medizinische Hochschule Hannover<\/p>\n<p>WS 2011\/12\u00a0\u00a0\u00a0\u00a0\u00a0\u00a0\u00a0\u00a0 Konstruktiver Entwurf Hybridfabrik Darmstadt<\/p>\n<p>SS 2012\u00a0\u00a0\u00a0\u00a0\u00a0\u00a0\u00a0\u00a0\u00a0\u00a0\u00a0\u00a0\u00a0\u00a0\u00a0\u00a0 Seminar schnell+sicher Notfallaufnahme Krankenhaus<\/p>\n<p>WS 2012\/13\u00a0\u00a0\u00a0\u00a0\u00a0\u00a0\u00a0\u00a0 Konstruktiver Entwurf homebase Bootshalle America\u00b4s Cup Kiel<\/p>\n<p>SS 2013\u00a0\u00a0\u00a0\u00a0\u00a0\u00a0\u00a0\u00a0\u00a0\u00a0\u00a0\u00a0\u00a0\u00a0\u00a0\u00a0 Diplom archBS Neubau Architekturschule TU Braunschweig<\/p>\n<p>WS 2013\/14\u00a0\u00a0\u00a0\u00a0\u00a0\u00a0\u00a0\u00a0 Seminar Implantat Krankenhaus: Punktueller Ein- und Umbau<\/p>\n<p>SS 2014\u00a0\u00a0\u00a0\u00a0\u00a0\u00a0\u00a0\u00a0\u00a0\u00a0\u00a0\u00a0\u00a0\u00a0\u00a0\u00a0 Konstruktiver Entwurf Markthalle Lyon<\/p>\n<p>WS 2014\/15\u00a0\u00a0\u00a0\u00a0\u00a0\u00a0\u00a0\u00a0 Masterentwurf interchange ICE Bahnhof und Mobilit\u00e4tszentrum Hamburg-Altona<\/p>\n<p>SS 2015\u00a0\u00a0\u00a0\u00a0\u00a0\u00a0\u00a0\u00a0\u00a0\u00a0\u00a0\u00a0\u00a0\u00a0\u00a0\u00a0 Masterentwurf WienVertikal Hybridhochhaus<\/p>\n<p>WS 2015\/16 \u00a0\u00a0\u00a0\u00a0\u00a0\u00a0\u00a0 Konstruktiver Entwurf DUS+C+ Erweiterung Terminal C Flughafen D\u00fcsseldorf<\/p>\n<p>SS 2016\u00a0\u00a0\u00a0\u00a0\u00a0\u00a0\u00a0\u00a0\u00a0\u00a0\u00a0\u00a0\u00a0\u00a0\u00a0\u00a0 Konstruktives Projekt Flussbad Berlin<\/p>\n<p>WS 2016\/17\u00a0\u00a0\u00a0\u00a0\u00a0\u00a0\u00a0\u00a0 Freier Ferienentwurf Krematorium Insel Ruden Ostsee<\/p>\n<p>SS 2017 \u00a0 \u00a0 \u00a0 \u00a0 \u00a0 \u00a0 \u00a0 \u00a0 Freie Masterarbeit Pandemieforschungszentrum Europa Peenem\u00fcnde<\/p>\n<p>WS2017\/18 \u00a0 \u00a0 \u00a0 \u00a0\u00a0 Masterentwurf Forschungsstation Zugspitze<\/p>\n<p>SS 2018 \u00a0 \u00a0 \u00a0 \u00a0 \u00a0 \u00a0 \u00a0 \u00a0 Freier Kompaktentwurf Medizinisches Versorgungszentrum Braunschweig<\/p>\n<h5><strong>Auswahl Exkursionen<\/strong><\/h5>\n<p>Mitorganisation von Exkursionen, Akquise zur finanziellen Unterst\u00fctzung der Durchf\u00fchrung, wie DAAD, Hochschulbund, Industriepartner etc.<\/p>\n<p>2016\u00a0\u00a0\u00a0\u00a0\u00a0 Biennale Venedig<\/p>\n<p>2016\u00a0\u00a0\u00a0\u00a0\u00a0 Moskau<\/p>\n<p>2012\u00a0\u00a0\u00a0\u00a0\u00a0 London<\/p>\n<p>2008\u00a0\u00a0\u00a0\u00a0\u00a0 Peking<\/p>\n<h5>Auswahl Gastkritiken<\/h5>\n<p>2010 \u00a0\u00a0\u00a0\u00a0\u00a0 Manchester Metropolitan University, Manchester School of Architecture msa, Faculty of Art &amp; Design, Is this heritage? expo 2000, Hannover<\/p>\n<p>2008 \u00a0\u00a0\u00a0\u00a0\u00a0 Tsinghua University Beijing, Department of Architecture, Peking, China<\/p>\n<p>2007 \u00a0\u00a0\u00a0\u00a0\u00a0 Universit\u00e4t Kassel, Fachgebiet Architektonisches Entwerfen<\/p>\n<p>2004 \u00a0\u00a0\u00a0\u00a0\u00a0 Fachhochschule Dortmund, Summer School<\/p>\n","protected":false},"excerpt":{"rendered":"<p>Von Sommersemester 2006 bis Sommersemester 2023 Konzeption, Betreuung und Beurteilung von \u00fcber 40 Lehrangeboten am IIKE Institut f\u00fcr Konstruktives Entwerfen, Industrie- und [&hellip;]<\/p>\n","protected":false},"author":1,"featured_media":0,"parent":0,"menu_order":0,"comment_status":"closed","ping_status":"closed","template":"","meta":[],"_links":{"self":[{"href":"https:\/\/www.jhsn.de\/index.php\/wp-json\/wp\/v2\/pages\/494"}],"collection":[{"href":"https:\/\/www.jhsn.de\/index.php\/wp-json\/wp\/v2\/pages"}],"about":[{"href":"https:\/\/www.jhsn.de\/index.php\/wp-json\/wp\/v2\/types\/page"}],"author":[{"embeddable":true,"href":"https:\/\/www.jhsn.de\/index.php\/wp-json\/wp\/v2\/users\/1"}],"replies":[{"embeddable":true,"href":"https:\/\/www.jhsn.de\/index.php\/wp-json\/wp\/v2\/comments?post=494"}],"version-history":[{"count":11,"href":"https:\/\/www.jhsn.de\/index.php\/wp-json\/wp\/v2\/pages\/494\/revisions"}],"predecessor-version":[{"id":766,"href":"https:\/\/www.jhsn.de\/index.php\/wp-json\/wp\/v2\/pages\/494\/revisions\/766"}],"wp:attachment":[{"href":"https:\/\/www.jhsn.de\/index.php\/wp-json\/wp\/v2\/media?parent=494"}],"curies":[{"name":"wp","href":"https:\/\/api.w.org\/{rel}","templated":true}]}}