{"id":17,"date":"2007-11-05T12:42:46","date_gmt":"2007-11-05T11:42:46","guid":{"rendered":"http:\/\/www.jhsn.de\/index.php\/person\/"},"modified":"2025-01-18T14:27:40","modified_gmt":"2025-01-18T13:27:40","slug":"person","status":"publish","type":"page","link":"https:\/\/www.jhsn.de\/index.php\/person\/","title":{"rendered":"Vita"},"content":{"rendered":"<p><strong>Jan Holzhausen<\/strong>, Dr.-Ing. Architekt<\/p>\n<p>Jan schloss sein Architekturstudium 2002 an der Technischen Universit\u00e4t Braunschweig mit dem Diplom und zwei Auszeichnungen ab (Fritz Schumacher Stipendium und Georg Ludwig Friedrich Laves Preis). Es folgten planerische T\u00e4tigkeiten in Architekturb\u00fcros in Berlin, Hamburg und Dortmund im Bereich Labor-, Gesundheits-, Schul- und Kongressbau. Als freischaffender Architekt ist er seit 2006 freiberuflich planerisch t\u00e4tig. Am Institut f\u00fcr Konstruktives Entwerfen, Industrie und Gesundheitsbau der TU Braunschweig lehrte und forschte er als wissenschaftlicher Mitarbeiter und Teamleiter Forschung von 2006 bis 2023. Hierbei entwickelte er den neuen Forschungsschwerpunkt Gesundheitsbau mit vertiefenden Projekten im Bereich der strategischen Planung und baulichen Infektionspr\u00e4vention. Nach Station als baufachlicher Berater im Referat Hochschulbau beim Nieders\u00e4chsischen Landesamt f\u00fcr Bau und Liegenschaften in 2023\/2024 ist er aktuell als Referent in der Stabstelle Medizinischer Hochschulbau beim Nieders\u00e4chsischen Ministerium f\u00fcr Wissenschaft und Kultur t\u00e4tig. Jan ist zudem Partner der smeta &#8211; Bucherer.Holzhausen.Sunder. Partnerschaft von Architekten mbB mit Sitz in Hamburg.<\/p>\n","protected":false},"excerpt":{"rendered":"<p>Jan Holzhausen, Dr.-Ing. Architekt Jan schloss sein Architekturstudium 2002 an der Technischen Universit\u00e4t Braunschweig mit dem Diplom und zwei Auszeichnungen ab (Fritz [&hellip;]<\/p>\n","protected":false},"author":1,"featured_media":0,"parent":0,"menu_order":0,"comment_status":"closed","ping_status":"open","template":"","meta":[],"_links":{"self":[{"href":"https:\/\/www.jhsn.de\/index.php\/wp-json\/wp\/v2\/pages\/17"}],"collection":[{"href":"https:\/\/www.jhsn.de\/index.php\/wp-json\/wp\/v2\/pages"}],"about":[{"href":"https:\/\/www.jhsn.de\/index.php\/wp-json\/wp\/v2\/types\/page"}],"author":[{"embeddable":true,"href":"https:\/\/www.jhsn.de\/index.php\/wp-json\/wp\/v2\/users\/1"}],"replies":[{"embeddable":true,"href":"https:\/\/www.jhsn.de\/index.php\/wp-json\/wp\/v2\/comments?post=17"}],"version-history":[{"count":32,"href":"https:\/\/www.jhsn.de\/index.php\/wp-json\/wp\/v2\/pages\/17\/revisions"}],"predecessor-version":[{"id":774,"href":"https:\/\/www.jhsn.de\/index.php\/wp-json\/wp\/v2\/pages\/17\/revisions\/774"}],"wp:attachment":[{"href":"https:\/\/www.jhsn.de\/index.php\/wp-json\/wp\/v2\/media?parent=17"}],"curies":[{"name":"wp","href":"https:\/\/api.w.org\/{rel}","templated":true}]}}